{"id":994,"date":"2021-10-03T21:55:19","date_gmt":"2021-10-03T19:55:19","guid":{"rendered":"https:\/\/sorenga.com\/sorenga5\/?page_id=994"},"modified":"2021-12-01T23:11:27","modified_gmt":"2021-12-01T22:11:27","slug":"branninstruks","status":"publish","type":"page","link":"https:\/\/sorenga.com\/sorenga5\/branninstruks\/","title":{"rendered":"Branninstruks"},"content":{"rendered":"\n<p><strong>Branninstruks \u2013&nbsp;<em>S\u00f8renga 5 sameie<\/em><\/strong><\/p>\n\n\n\n<p> <\/p>\n\n\n\n<p class=\"has-text-align-left has-large-font-size\"><span class=\"has-inline-color has-vivid-red-color\"><strong>Ved r\u00f8yk\/brann i oppgang, bli i leiligheten og tilkall oppmerksomhet <\/strong><\/span><\/p>\n\n\n\n<p><\/p>\n\n\n\n<ul><li><strong>Brannvesenet varsles automatisk n\u00e5r alarmen g\u00e5r<\/strong><\/li><li><strong>Brannvesenet er&nbsp;<u>ansvarlig<\/u>&nbsp;for \u00e5&nbsp;<u>stoppe<\/u><\/strong> <strong>alarmen<\/strong><\/li><li><strong>Varsle dine naboer<\/strong><\/li><li><strong>Ikke bruk heisen ved brann<\/strong><\/li><li><strong>Barn og eldre\/uf\u00f8re hjelpes ut<\/strong><\/li><li><strong>Ved mindre branntill\u00f8p fors\u00f8k \u00e5 slokke brannen med tilgjengelig slokkeutstyr<\/strong><\/li><li><strong>Lukk d\u00f8rer og vinduer<\/strong><\/li><li><strong>Ved r\u00f8yk\/brann i oppgang, bli i leiligheten og tilkall oppmerksomhet<\/strong><\/li><\/ul>\n\n\n\n<p><strong>Hvis brannen ikke slokkes straks er det s\u00e6rlig viktig at d\u00f8rer til det rom hvor det brenner, samt korridorskiller og trapperomsd\u00f8rer holdes lukket for \u00e5 hindre spredning.<\/strong><\/p>\n\n\n\n<p><strong>Gj\u00f8r deg kjent med f\u00f8lgende:<\/strong><\/p>\n\n\n\n<ul><li><strong>R\u00f8mningsveier og n\u00f8dutganger<\/strong><\/li><li><strong>Hvor slokkeutstyr er plassert<\/strong><\/li><li><strong>Hvordan slokkeutstyr brukes<\/strong><\/li><li><strong>P\u00e5se at r\u00f8mningsveier og n\u00f8dutganger alltid er frie.<\/strong><\/li><li><strong>Ikke bruk oppgangen\/etasje plat\u00e5er til lagring av ting.<\/strong><\/li><\/ul>\n\n\n\n<p><strong>Oppm\u00f8tested ved evakuering,<\/strong><\/p>\n\n\n\n<p><strong><u>UTENFOR GARASJEPORT UNDER BYGGETRINN 6<\/u><\/strong><\/p>\n\n\n\n<div class=\"wp-block-image\"><figure class=\"alignleft size-large\"><a href=\"https:\/\/sorenga.com\/sorenga5\/wp-content\/uploads\/2021\/10\/image.png\"><img decoding=\"async\" loading=\"lazy\" width=\"378\" height=\"204\" src=\"https:\/\/sorenga.com\/sorenga5\/wp-content\/uploads\/2021\/10\/image.png\" alt=\"\" class=\"wp-image-995\" srcset=\"https:\/\/sorenga.com\/sorenga5\/wp-content\/uploads\/2021\/10\/image.png 378w, https:\/\/sorenga.com\/sorenga5\/wp-content\/uploads\/2021\/10\/image-300x162.png 300w\" sizes=\"(max-width: 378px) 100vw, 378px\" \/><\/a><\/figure><\/div>\n\n\n\n<p><\/p>\n","protected":false},"excerpt":{"rendered":"<p>Branninstruks \u2013&nbsp;S\u00f8renga 5 sameie Ved r\u00f8yk\/brann i oppgang, bli i leiligheten og tilkall oppmerksomhet Brannvesenet varsles automatisk n\u00e5r alarmen g\u00e5r Brannvesenet er&nbsp;ansvarlig&nbsp;for \u00e5&nbsp;stoppe alarmen Varsle dine naboer Ikke bruk heisen ved brann Barn og eldre\/uf\u00f8re hjelpes ut Ved mindre branntill\u00f8p fors\u00f8k \u00e5 slokke brannen med tilgjengelig slokkeutstyr Lukk d\u00f8rer og vinduer Ved r\u00f8yk\/brann i oppgang, [&hellip;]<\/p>\n","protected":false},"author":21,"featured_media":0,"parent":0,"menu_order":0,"comment_status":"closed","ping_status":"closed","template":"","meta":[],"_links":{"self":[{"href":"https:\/\/sorenga.com\/sorenga5\/wp-json\/wp\/v2\/pages\/994"}],"collection":[{"href":"https:\/\/sorenga.com\/sorenga5\/wp-json\/wp\/v2\/pages"}],"about":[{"href":"https:\/\/sorenga.com\/sorenga5\/wp-json\/wp\/v2\/types\/page"}],"author":[{"embeddable":true,"href":"https:\/\/sorenga.com\/sorenga5\/wp-json\/wp\/v2\/users\/21"}],"replies":[{"embeddable":true,"href":"https:\/\/sorenga.com\/sorenga5\/wp-json\/wp\/v2\/comments?post=994"}],"version-history":[{"count":9,"href":"https:\/\/sorenga.com\/sorenga5\/wp-json\/wp\/v2\/pages\/994\/revisions"}],"predecessor-version":[{"id":1086,"href":"https:\/\/sorenga.com\/sorenga5\/wp-json\/wp\/v2\/pages\/994\/revisions\/1086"}],"wp:attachment":[{"href":"https:\/\/sorenga.com\/sorenga5\/wp-json\/wp\/v2\/media?parent=994"}],"curies":[{"name":"wp","href":"https:\/\/api.w.org\/{rel}","templated":true}]}}