{"id":987,"date":"2021-10-01T11:26:59","date_gmt":"2021-10-01T09:26:59","guid":{"rendered":"https:\/\/sorenga.com\/sorenga5\/?page_id=987"},"modified":"2023-05-12T10:19:36","modified_gmt":"2023-05-12T08:19:36","slug":"husordensregler1","status":"publish","type":"page","link":"https:\/\/sorenga.com\/sorenga5\/husordensregler1\/","title":{"rendered":"Husordensregler"},"content":{"rendered":"\n<figure class=\"wp-block-image size-full is-style-rounded\"><a href=\"https:\/\/sorenga.com\/sorenga5\/wp-content\/uploads\/2021\/12\/image.png\"><img decoding=\"async\" loading=\"lazy\" width=\"319\" height=\"197\" src=\"https:\/\/sorenga.com\/sorenga5\/wp-content\/uploads\/2021\/12\/image.png\" alt=\"\" class=\"wp-image-1099\" srcset=\"https:\/\/sorenga.com\/sorenga5\/wp-content\/uploads\/2021\/12\/image.png 319w, https:\/\/sorenga.com\/sorenga5\/wp-content\/uploads\/2021\/12\/image-300x185.png 300w\" sizes=\"(max-width: 319px) 100vw, 319px\" \/><\/a><\/figure>\n\n\n\n<p><\/p>\n\n\n\n<p><strong>S\u00f8renga 5&nbsp;sameie HUSORDENSREGLER<\/strong><\/p>\n\n\n\n<p><em><strong>\u00a71 Innledning<\/strong><\/em><\/p>\n\n\n\n<p>S\u00f8renga 5&nbsp;sameie utgj\u00f8r et fellesskap som beboerne hver for seg og sammen har ansvaret&nbsp;for. Et godt naboskap kjennetegnes ved at man f\u00f8ler ansvar for andre og at alle bidrar til \u00e5&nbsp;lage et godt bomilj\u00f8.<\/p>\n\n\n\n<p>I husordensreglene er det lagt vekt p\u00e5 trivsel og utfoldelse for den enkelte beboer, samtidig&nbsp;som hensynet til fellesskapet er s\u00f8kt ivaretatt. Hensikten med husordensreglene er ikke \u00e5&nbsp;p\u00e5legge beboerne un\u00f8dige forpliktelser, men derimot sikre ro, trivsel og trygghet, samt et&nbsp;godt naboskap.<\/p>\n\n\n\n<p>Husordensreglene kommer i tillegg til vedtektene og hver enkelt eier\/beboer er ansvarlig for&nbsp;at de overholdes av alle i husstanden og andre som gis adgang til boligen.<\/p>\n\n\n\n<p>Styret ber om at naboklager leveres skriftlig til&nbsp;styret med kopi til ber\u00f8rte nabo. Innklagede skal svare&nbsp;skriftlig innen syv dager, med kopi til klager.<\/p>\n\n\n\n<p><em><strong>\u00a72 Bruk av leilighet<\/strong><\/em><strong> og lokaler<\/strong><\/p>\n\n\n\n<p>Leiligheten og lokalene skal ikke brukes slik at dette f\u00f8rer til sjenanse for andre.<\/p>\n\n\n\n<p>Det skal v\u00e6re ro mellom kl 23:00 og kl 07:00 alle dager. Hamring, boring, sang- og musikk\u00f8velser&nbsp;og st\u00f8yende aktiviteter er ikke tillatt etter kl 21:00. S\u00f8n- og helligdager er det ikke&nbsp;tillatt med st\u00f8yende aktiviteter.<\/p>\n\n\n\n<p>Skal det arrangeres selskap i leiligheten, lokalene eller p\u00e5 terrassen som kan medf\u00f8re st\u00f8y, skal\u00a0naboene varsles p\u00e5 forh\u00e5nd.<\/p>\n\n\n\n<p><em><strong>\u00a73 Bruk av balkong \/ forhage<\/strong><\/em><\/p>\n\n\n\n<p>Lufting og t\u00f8rking av t\u00f8y kan skje p\u00e5 balkonger s\u00e5 fremt det ikke henges h\u00f8yere enn&nbsp;balkongkanten. Det er ikke tillatt \u00e5 banke, riste eller lufte t\u00f8y utover balkongkanten.<\/p>\n\n\n\n<p>Det er tillatt \u00e5 bruke elektrisk grill og gassgrill, men ikke kullgrill\/engangsgrill.<\/p>\n\n\n\n<p>Det er ikke tillatt \u00e5 henge opp utebelysning, inkludert sesongbelysning, som i vesentlig grad&nbsp;er til sjenanse for andre beboere.<\/p>\n\n\n\n<p><em><strong>\u00a74 Fellesrom og oppganger<\/strong><\/em><\/p>\n\n\n\n<p>Sportsutstyr, kl\u00e6r, fott\u00f8y og andre gjenstander skal ikke hensettes i oppgangen. Kjellerrom&nbsp;og oppganger skal holdes fritt for avfall og skal ikke benyttes som lagringsplass.<\/p>\n\n\n\n<p>R\u00f8yking er ikke tillatt i fellesrom og oppganger.<\/p>\n\n\n\n<p>Det er ikke tillatt \u00e5 henge opp reklame, notiser eller liknende i fellesomr\u00e5dene med unntak&nbsp;av p\u00e5 eventuelle oppslagstavler installert av sameiet spesielt for dette form\u00e5l.<\/p>\n\n\n\n<p><em><strong>\u00a75 Fellesomr\u00e5der (ute)<\/strong><\/em><\/p>\n\n\n\n<p>Sameiets fellesomr\u00e5der skal holdes ryddig og fritt for avfall. Fellesomr\u00e5dene skal ikke brukes&nbsp;slik at det er til vesentlig sjenanse for andre eller kan medf\u00f8re skade p\u00e5 omgivelsene.<\/p>\n\n\n\n<p>R\u00f8yking er ikke tillatt i fellesomr\u00e5dene, garasje og atrium inkludert.<\/p>\n\n\n\n<p>Fotballsparking og lignede aktiviteter i atriumet er ikke tillatt.<\/p>\n\n\n\n<p><em><strong>\u00a76 S\u00f8ppel<\/strong><\/em><\/p>\n\n\n\n<p>Det er viktig \u00e5 holde omr\u00e5det rundt s\u00f8ppelnedkastet ryddig og fritt for s\u00f8ppel.<\/p>\n\n\n\n<p><em><strong>\u00a77 Felles takterrasse<\/strong><\/em><\/p>\n\n\n\n<p>Sameiets takterrasse skal holdes ryddig, ren og fri for avfall. Ved bruk som medf\u00f8rer ekstra&nbsp;rengj\u00f8ring vil ansvarlig bli belastet med rengj\u00f8ringskostnaden. Det henvises for \u00f8vrig&nbsp;<a href=\"http:\/\/sorenga.com\/2016\/06\/03\/regler-for-felles-takterrasse\/\">til egne&nbsp;regler for takterrassen<\/a>.<\/p>\n\n\n\n<p><em><strong>\u00a78&nbsp;Endringer av \u00abfasaden\u00bb<\/strong><\/em><\/p>\n\n\n\n<p>Ved endring av \u00abfasaden\u00bb som for eksempel solavskjermingsprodukter og lignende skal&nbsp;styret kontaktes for avklaring av hva som er tillatte endringer.<\/p>\n\n\n\n<p><em><strong>\u00a79 Sykkel- og kajakkrom<\/strong><\/em><\/p>\n\n\n\n<p>Sykkel- og kajakkrom har egne bestemmelser (?)<\/p>\n\n\n\n<p><em><strong>\u00a710&nbsp;Dyrehold<\/strong><\/em><\/p>\n\n\n\n<p>Ved dyrehold gjelder f\u00f8lgende bestemmelser:<\/p>\n\n\n\n<ol>\n<li>a) Det forutsettes at eier av dyret er kjent med politivedtektene ang\u00e5ende dyrehold og&nbsp;straffebestemmelsene som gjelder for \u00e5 holde dyr.<\/li>\n\n\n\n<li>b) Eier av dyret skal straks fjerne ekskrementer som dyret m\u00e5tte etterlate p\u00e5 Sameiets&nbsp;omr\u00e5de.<\/li>\n\n\n\n<li>c) Hunder og katter skal luftes utenfor Sameiets eiendom. Innenfor Sameiets omr\u00e5de&nbsp;skal dyr f\u00f8res i b\u00e5nd samt holdes borte fra lekeplasser og sandkasser.<\/li>\n\n\n\n<li>d) Eier av dyret er ansvarlig og erstatningspliktig for skade som dyret m\u00e5tte p\u00e5f\u00f8re&nbsp;person eller eiendom<\/li>\n\n\n\n<li>e) Kommer det inn skriftlig berettigede klager kan styret kreve dyret fjernet hvis ikke en&nbsp;minnelig ordning med klageren kan oppn\u00e5s. En berettiget klage kan v\u00e6re at&nbsp;dyreholdet i vesentlig grad sjenerer naboen gjennom lukt, br\u00e5k eller p\u00e5 annen m\u00e5te&nbsp;er til vesentlig ulempe, for eksempel medf\u00f8rer allergi, redsel eller angst. I tvilstilfeller&nbsp;avgj\u00f8r styret etter forhandlinger med partene hvorvidt en klage er berettiget.<\/li>\n<\/ol>\n","protected":false},"excerpt":{"rendered":"<p>S\u00f8renga 5&nbsp;sameie HUSORDENSREGLER \u00a71 Innledning S\u00f8renga 5&nbsp;sameie utgj\u00f8r et fellesskap som beboerne hver for seg og sammen har ansvaret&nbsp;for. Et godt naboskap kjennetegnes ved at man f\u00f8ler ansvar for andre og at alle bidrar til \u00e5&nbsp;lage et godt bomilj\u00f8. I husordensreglene er det lagt vekt p\u00e5 trivsel og utfoldelse for den enkelte beboer, samtidig&nbsp;som hensynet [&hellip;]<\/p>\n","protected":false},"author":21,"featured_media":0,"parent":0,"menu_order":0,"comment_status":"closed","ping_status":"closed","template":"","meta":[],"_links":{"self":[{"href":"https:\/\/sorenga.com\/sorenga5\/wp-json\/wp\/v2\/pages\/987"}],"collection":[{"href":"https:\/\/sorenga.com\/sorenga5\/wp-json\/wp\/v2\/pages"}],"about":[{"href":"https:\/\/sorenga.com\/sorenga5\/wp-json\/wp\/v2\/types\/page"}],"author":[{"embeddable":true,"href":"https:\/\/sorenga.com\/sorenga5\/wp-json\/wp\/v2\/users\/21"}],"replies":[{"embeddable":true,"href":"https:\/\/sorenga.com\/sorenga5\/wp-json\/wp\/v2\/comments?post=987"}],"version-history":[{"count":7,"href":"https:\/\/sorenga.com\/sorenga5\/wp-json\/wp\/v2\/pages\/987\/revisions"}],"predecessor-version":[{"id":1320,"href":"https:\/\/sorenga.com\/sorenga5\/wp-json\/wp\/v2\/pages\/987\/revisions\/1320"}],"wp:attachment":[{"href":"https:\/\/sorenga.com\/sorenga5\/wp-json\/wp\/v2\/media?parent=987"}],"curies":[{"name":"wp","href":"https:\/\/api.w.org\/{rel}","templated":true}]}}