{"id":981,"date":"2021-10-01T11:05:51","date_gmt":"2021-10-01T09:05:51","guid":{"rendered":"https:\/\/sorenga.com\/sorenga5\/?page_id=981"},"modified":"2022-03-13T16:33:15","modified_gmt":"2022-03-13T15:33:15","slug":"securitas-bomiljotjeneste","status":"publish","type":"page","link":"https:\/\/sorenga.com\/sorenga5\/securitas-bomiljotjeneste\/","title":{"rendered":"Securitas Bomilj\u00f8tjeneste"},"content":{"rendered":"\n<p>Vi har avtale med Securitas Bomilj\u00f8tjeneste for \u00e5 ivareta v\u00e5rt bomilj\u00f8 og sikkerheten rundt dette.<\/p>\n\n\n\n<p>Telefonnummeret til vektertjenesten er <strong>22 97 10 70<\/strong>.<\/p>\n\n\n\n<p>Her er informasjon fra Securitas om denne tjenesten.<\/p>\n\n\n\n<div class=\"wp-block-image\"><figure class=\"alignleft\"><img decoding=\"async\" src=\"https:\/\/sorenga.com\/sorenga5\/wp-content\/uploads\/2020\/06\/image.png\" alt=\"Dette bildet mangler alt-tekst; dets filnavn er image.png\"\/><\/figure><\/div>\n","protected":false},"excerpt":{"rendered":"<p>Vi har avtale med Securitas Bomilj\u00f8tjeneste for \u00e5 ivareta v\u00e5rt bomilj\u00f8 og sikkerheten rundt dette. Telefonnummeret til vektertjenesten er 22 97 10 70. Her er informasjon fra Securitas om denne tjenesten.<\/p>\n","protected":false},"author":21,"featured_media":0,"parent":0,"menu_order":0,"comment_status":"closed","ping_status":"closed","template":"","meta":[],"_links":{"self":[{"href":"https:\/\/sorenga.com\/sorenga5\/wp-json\/wp\/v2\/pages\/981"}],"collection":[{"href":"https:\/\/sorenga.com\/sorenga5\/wp-json\/wp\/v2\/pages"}],"about":[{"href":"https:\/\/sorenga.com\/sorenga5\/wp-json\/wp\/v2\/types\/page"}],"author":[{"embeddable":true,"href":"https:\/\/sorenga.com\/sorenga5\/wp-json\/wp\/v2\/users\/21"}],"replies":[{"embeddable":true,"href":"https:\/\/sorenga.com\/sorenga5\/wp-json\/wp\/v2\/comments?post=981"}],"version-history":[{"count":3,"href":"https:\/\/sorenga.com\/sorenga5\/wp-json\/wp\/v2\/pages\/981\/revisions"}],"predecessor-version":[{"id":1141,"href":"https:\/\/sorenga.com\/sorenga5\/wp-json\/wp\/v2\/pages\/981\/revisions\/1141"}],"wp:attachment":[{"href":"https:\/\/sorenga.com\/sorenga5\/wp-json\/wp\/v2\/media?parent=981"}],"curies":[{"name":"wp","href":"https:\/\/api.w.org\/{rel}","templated":true}]}}