{"id":978,"date":"2021-10-01T10:53:43","date_gmt":"2021-10-01T08:53:43","guid":{"rendered":"https:\/\/sorenga.com\/sorenga5\/?page_id=978"},"modified":"2025-08-25T14:27:25","modified_gmt":"2025-08-25T12:27:25","slug":"styret","status":"publish","type":"page","link":"https:\/\/sorenga.com\/sorenga5\/styret\/","title":{"rendered":"Styret"},"content":{"rendered":"\n<p>Hei alle sammen!<\/p>\n\n\n\n<p>Fra og med 26.04.2023 best\u00e5r styret av f\u00f8lgende personer og respektive hovedoppgaver:<\/p>\n\n\n\n<p><strong>Styreleder <\/strong>: Kjell St\u00f8rseth mob 99352515\u00a0 mail :\u00a0<a rel=\"noreferrer noopener\" href=\"mailto:kjells@wright.no\" target=\"_blank\">kjells@wright.no<\/a><\/p>\n\n\n\n<p>Styremedlem : Kevin Wright&nbsp; mob 92883773 Mail:&nbsp;<a href=\"mailto:kevin@wright.no\" target=\"_blank\" rel=\"noreferrer noopener\">kevin@wright.no<\/a><\/p>\n\n\n\n<p>Styremedlem: \u00c5ge Haukaas mob 93443649 Mail :&nbsp;<a href=\"mailto:aahauka@gmail.com\" target=\"_blank\" rel=\"noreferrer noopener\">aahauka@gmail.com<\/a><\/p>\n\n\n\n<p>Styremedlem : Camilla Lilledahl mob 97079636 Mail :&nbsp;<a href=\"mailto:cl@carucel.no\" target=\"_blank\" rel=\"noreferrer noopener\">cl@carucel.no<\/a><\/p>\n\n\n\n<p>Varamedlem : Arne J\u00f8rg Selen&nbsp; Mob 91547996&nbsp;&nbsp;&nbsp;&nbsp; &nbsp;Mail:&nbsp;<a href=\"mailto:arne.selen@heidelbergmaterials.com\" target=\"_blank\" rel=\"noreferrer noopener\">arne.selen@heidelbergmaterials.com<\/a><\/p>\n\n\n\n<p>Varamedlem : Hege Brattlid\u00a0\u00a0 Mob 41620358\u00a0 Mail :\u00a0<a rel=\"noreferrer noopener\" href=\"mailto:hb@carucel.no\" target=\"_blank\">hb@carucel.no<\/a><\/p>\n\n\n\n<p><\/p>\n\n\n\n<p><\/p>\n\n\n\n<p>Vi ber prim\u00e6rt om \u00e5 korrespondere digitalt og ved henvendelser brukes&nbsp;<a href=\"https:\/\/sorenga.com\/sorenga5\/2020\/11\/09\/om-oss-2\/styret@sorenga.com\">styret@sorenga.com<\/a><\/p>\n\n\n\n<p>Vi \u00f8nsker en \u00e5pen og direkte dialog s\u00e5 bruk gjerne v\u00e5r <a href=\"https:\/\/www.facebook.com\/groups\/103792639992201\/\" target=\"_blank\" rel=\"noreferrer noopener\">Facebook side<\/a> for innspill, kommentarer, forslag, ros og ris.<\/p>\n\n\n\n<p>Vi lover \u00e5 svare s\u00e5 fort som praktisk mulig og vil om n\u00f8dvendig gjennomf\u00f8re tiltak mellom de faste styrem\u00f8tene. Styret m\u00f8tes i Bystua siste onsdag i m\u00e5neden fra 17:30 til 19:30.<\/p>\n\n\n\n<p>Vi ber alle om \u00e5 logge seg inn i&nbsp;<a href=\"https:\/\/www.usbl.no\/\">USBL Portalen<\/a>&nbsp;-&gt; \u201cMin side\u201d -&gt; \u201cProfil og samtykker\u201d og s\u00f8rge for at beboerne i leilighetene er oppdatert med korrekte kontaktdetaljer, e-post og mobilnummer.<\/p>\n\n\n\n<p>Styret vil fortsette \u00e5 informere via <a href=\"https:\/\/sorenga.com\/sorenga5\/\">S\u00f8renga 5\u2019s hjemmeside<\/a>&nbsp;og&nbsp;<a href=\"https:\/\/www.usbl.no\/\">USBL Portalen<\/a>&nbsp;\u2013 samt SMS for rask informasjon ut til alle sameierne.<\/p>\n\n\n\n<p>Mvh Styret<\/p>\n","protected":false},"excerpt":{"rendered":"<p>Hei alle sammen! Fra og med 26.04.2023 best\u00e5r styret av f\u00f8lgende personer og respektive hovedoppgaver: Styreleder : Kjell St\u00f8rseth mob 99352515\u00a0 mail :\u00a0kjells@wright.no Styremedlem : Kevin Wright&nbsp; mob 92883773 Mail:&nbsp;kevin@wright.no Styremedlem: \u00c5ge Haukaas mob 93443649 Mail :&nbsp;aahauka@gmail.com Styremedlem : Camilla Lilledahl mob 97079636 Mail :&nbsp;cl@carucel.no Varamedlem : Arne J\u00f8rg Selen&nbsp; Mob 91547996&nbsp;&nbsp;&nbsp;&nbsp; &nbsp;Mail:&nbsp;arne.selen@heidelbergmaterials.com Varamedlem : [&hellip;]<\/p>\n","protected":false},"author":21,"featured_media":0,"parent":0,"menu_order":0,"comment_status":"closed","ping_status":"closed","template":"","meta":[],"_links":{"self":[{"href":"https:\/\/sorenga.com\/sorenga5\/wp-json\/wp\/v2\/pages\/978"}],"collection":[{"href":"https:\/\/sorenga.com\/sorenga5\/wp-json\/wp\/v2\/pages"}],"about":[{"href":"https:\/\/sorenga.com\/sorenga5\/wp-json\/wp\/v2\/types\/page"}],"author":[{"embeddable":true,"href":"https:\/\/sorenga.com\/sorenga5\/wp-json\/wp\/v2\/users\/21"}],"replies":[{"embeddable":true,"href":"https:\/\/sorenga.com\/sorenga5\/wp-json\/wp\/v2\/comments?post=978"}],"version-history":[{"count":6,"href":"https:\/\/sorenga.com\/sorenga5\/wp-json\/wp\/v2\/pages\/978\/revisions"}],"predecessor-version":[{"id":1399,"href":"https:\/\/sorenga.com\/sorenga5\/wp-json\/wp\/v2\/pages\/978\/revisions\/1399"}],"wp:attachment":[{"href":"https:\/\/sorenga.com\/sorenga5\/wp-json\/wp\/v2\/media?parent=978"}],"curies":[{"name":"wp","href":"https:\/\/api.w.org\/{rel}","templated":true}]}}