{"id":939,"date":"2021-09-01T22:43:45","date_gmt":"2021-09-01T20:43:45","guid":{"rendered":"https:\/\/sorenga.com\/sorenga5\/?page_id=939"},"modified":"2021-10-01T11:17:14","modified_gmt":"2021-10-01T09:17:14","slug":"soppelhandtering","status":"publish","type":"page","link":"https:\/\/sorenga.com\/sorenga5\/soppelhandtering\/","title":{"rendered":"Renovasjon og gjenbruk"},"content":{"rendered":"\n<p>Det finnes s\u00f8ppersjakter i tverrslaget mellom S\u00f8renga 5 og S\u00f8renga 6. (Nordsiden av v\u00e5rt bygg)<\/p>\n\n\n\n<p>V\u00e6r n\u00f8ye med at posene faller helt ned i beholderen, og dersom en sjakt er full, velg en annen.<\/p>\n\n\n\n<p>La aldri s\u00f8ppel st\u00e5 utenfor beholderne. Finn heller en annen en med plass.<\/p>\n\n\n\n<p>For papirbeholderen er det viktig at papp og papir rives opp i mindre deler slik at ikke sjakten tettes.<\/p>\n\n\n\n<p>For st\u00f8rre mengder papp eller annet gjenbruk benyttes Minigjenbruksstasjonen i S\u00f8rengkaia 29.<\/p>\n\n\n\n<p>For mere informasjon om s\u00f8ppel og gjenbruk, les mer p\u00e5&nbsp;<a rel=\"noreferrer noopener\" href=\"https:\/\/www.oslo.kommune.no\/avfall-og-gjenvinning\/\" target=\"_blank\">Oslo Kommunes sider<\/a>.<\/p>\n\n\n\n<p>Det finnes ogs\u00e5 en&nbsp;<a href=\"https:\/\/www.facebook.com\/groups\/665863040281515\/\" target=\"_blank\" rel=\"noreferrer noopener\">Facebookgruppe for gjenbruk i omr\u00e5der S\u00f8renga og Bj\u00f8rvika<\/a>.<\/p>\n","protected":false},"excerpt":{"rendered":"<p>Det finnes s\u00f8ppersjakter i tverrslaget mellom S\u00f8renga 5 og S\u00f8renga 6. (Nordsiden av v\u00e5rt bygg) V\u00e6r n\u00f8ye med at posene faller helt ned i beholderen, og dersom en sjakt er full, velg en annen. La aldri s\u00f8ppel st\u00e5 utenfor beholderne. Finn heller en annen en med plass. For papirbeholderen er det viktig at papp og [&hellip;]<\/p>\n","protected":false},"author":21,"featured_media":0,"parent":0,"menu_order":0,"comment_status":"closed","ping_status":"closed","template":"","meta":[],"_links":{"self":[{"href":"https:\/\/sorenga.com\/sorenga5\/wp-json\/wp\/v2\/pages\/939"}],"collection":[{"href":"https:\/\/sorenga.com\/sorenga5\/wp-json\/wp\/v2\/pages"}],"about":[{"href":"https:\/\/sorenga.com\/sorenga5\/wp-json\/wp\/v2\/types\/page"}],"author":[{"embeddable":true,"href":"https:\/\/sorenga.com\/sorenga5\/wp-json\/wp\/v2\/users\/21"}],"replies":[{"embeddable":true,"href":"https:\/\/sorenga.com\/sorenga5\/wp-json\/wp\/v2\/comments?post=939"}],"version-history":[{"count":2,"href":"https:\/\/sorenga.com\/sorenga5\/wp-json\/wp\/v2\/pages\/939\/revisions"}],"predecessor-version":[{"id":986,"href":"https:\/\/sorenga.com\/sorenga5\/wp-json\/wp\/v2\/pages\/939\/revisions\/986"}],"wp:attachment":[{"href":"https:\/\/sorenga.com\/sorenga5\/wp-json\/wp\/v2\/media?parent=939"}],"curies":[{"name":"wp","href":"https:\/\/api.w.org\/{rel}","templated":true}]}}