{"id":925,"date":"2021-09-01T22:30:43","date_gmt":"2021-09-01T20:30:43","guid":{"rendered":"https:\/\/sorenga.com\/sorenga5\/?page_id=925"},"modified":"2022-01-07T10:01:16","modified_gmt":"2022-01-07T09:01:16","slug":"fjernvarme","status":"publish","type":"page","link":"https:\/\/sorenga.com\/sorenga5\/fjernvarme\/","title":{"rendered":"Fjernvarme"},"content":{"rendered":"\n<p>Leilighetene i S\u00f8renga 5 benytter fjernvarme for oppvarming av leilighet og varmtvann. Hver sl\u00f8yfe styres av en t\u00e5dl\u00f8s termostat som henger p\u00e5 vegg. Disse er batteridrevet og batteri m\u00e5 byttes n\u00e5r r\u00f8d lysdiode indikerer dette.<\/p>\n\n\n\n<p>Anlegget er dimensjonert for temperatur i oppholdsrom p\u00e5 minimum 20 grader C vinterstid og minimum 22 grader C sommerstid. Om man \u00f8nsker h\u00f8yere temperaturer enn anlegget er dimensjonert for, m\u00e5 man ta i bruk elektriske varmeovner.<\/p>\n\n\n\n<p>For detaljert informasjon om fjernvarmeanlegget, se info om <a href=\"https:\/\/web106.fdvweb.no\/bygg5\/Boligperm\/Boligperm\/104?modul=Boligperm\" target=\"_blank\" rel=\"noreferrer noopener\">R\u00f8rteknisk anlegg i Boligpermen<\/a>.<\/p>\n\n\n\n<p>Du kan f\u00f8lge fjernvarmeforbruket p\u00e5 <a href=\"http:\/\/www.istaonline.no\" target=\"_blank\" rel=\"noreferrer noopener\">Istaonline.no<\/a>. For tilgang ta kontakt med Ista p\u00e5 support@ista.no.<\/p>\n\n\n\n<p>Kostnaden for fjernvarme betales a konto som en del av fellesutgiftene og avregnes en gang i \u00e5ret.<\/p>\n","protected":false},"excerpt":{"rendered":"<p>Leilighetene i S\u00f8renga 5 benytter fjernvarme for oppvarming av leilighet og varmtvann. Hver sl\u00f8yfe styres av en t\u00e5dl\u00f8s termostat som henger p\u00e5 vegg. Disse er batteridrevet og batteri m\u00e5 byttes n\u00e5r r\u00f8d lysdiode indikerer dette. Anlegget er dimensjonert for temperatur i oppholdsrom p\u00e5 minimum 20 grader C vinterstid og minimum 22 grader C sommerstid. Om [&hellip;]<\/p>\n","protected":false},"author":21,"featured_media":0,"parent":0,"menu_order":0,"comment_status":"closed","ping_status":"closed","template":"","meta":[],"_links":{"self":[{"href":"https:\/\/sorenga.com\/sorenga5\/wp-json\/wp\/v2\/pages\/925"}],"collection":[{"href":"https:\/\/sorenga.com\/sorenga5\/wp-json\/wp\/v2\/pages"}],"about":[{"href":"https:\/\/sorenga.com\/sorenga5\/wp-json\/wp\/v2\/types\/page"}],"author":[{"embeddable":true,"href":"https:\/\/sorenga.com\/sorenga5\/wp-json\/wp\/v2\/users\/21"}],"replies":[{"embeddable":true,"href":"https:\/\/sorenga.com\/sorenga5\/wp-json\/wp\/v2\/comments?post=925"}],"version-history":[{"count":2,"href":"https:\/\/sorenga.com\/sorenga5\/wp-json\/wp\/v2\/pages\/925\/revisions"}],"predecessor-version":[{"id":1131,"href":"https:\/\/sorenga.com\/sorenga5\/wp-json\/wp\/v2\/pages\/925\/revisions\/1131"}],"wp:attachment":[{"href":"https:\/\/sorenga.com\/sorenga5\/wp-json\/wp\/v2\/media?parent=925"}],"curies":[{"name":"wp","href":"https:\/\/api.w.org\/{rel}","templated":true}]}}