{"id":912,"date":"2021-09-01T21:45:55","date_gmt":"2021-09-01T19:45:55","guid":{"rendered":"https:\/\/sorenga.com\/sorenga5\/?page_id=912"},"modified":"2022-05-30T18:42:48","modified_gmt":"2022-05-30T16:42:48","slug":"ny-i-sameiet-ny","status":"publish","type":"page","link":"https:\/\/sorenga.com\/sorenga5\/ny-i-sameiet-ny\/","title":{"rendered":"Ny i sameiet"},"content":{"rendered":"\n<p><strong>Velkommen!<\/strong><\/p>\n\n\n\n<p>Velkommen til S\u00f8renga 5 boligsameie. Sameiet best\u00e5r av 68 boenheter med adressene S\u00f8rengkaia 122, 126, 130 , 132, 134, 136, 138, 140, 142, 144.<\/p>\n\n\n\n<p>Som ny seksjonseier eller leietaker har dere sikkert mange sp\u00f8rsm\u00e5l som vi skal fors\u00f8ke \u00e5 besvare her.<\/p>\n\n\n\n<p><strong>Informasjonskanaler<\/strong><\/p>\n\n\n\n<p>S\u00f8renga 5 sameie kommuniserer med sine beboere via flere kanaler, men <a href=\"https:\/\/sorenga.com\/sorenga5\">denne hjemmesiden<\/a> skal alltid v\u00e6re stedet hvor du finner riktig og oppdatert informasjon.<\/p>\n\n\n\n<p>\u00d8vrige kanaler vi kommuniserer p\u00e5 er:<\/p>\n\n\n\n<ul><li>Facebook &#8211; Her varsler vi om nyhetsbrev og annen annonsering. Her kan beboere legge inn kommentarer og sp\u00f8rsm\u00e5l som kan besvares av styret og andre beboere.<br>Facebook gruppen finner du <a href=\"https:\/\/www.facebook.com\/groups\/103792639992201\/\" target=\"_blank\" rel=\"noreferrer noopener\">her<\/a>.<\/li><\/ul>\n\n\n\n<ul><li><a rel=\"noreferrer noopener\" href=\"https:\/\/www.usbl.no\/min-side\" target=\"_blank\">USBL MinSide<\/a> &#8211; Her vil dere finne informasjon fra forretningsf\u00f8rer. USBL Min Side krever at dere registrerer dere ved \u00e5 opprette en brukerprofil.<br>Her kan du ogs\u00e5 registrere deg for \u00e5 motta epost om nyhetsbrev og andre varsler.<br>\u00a0<\/li><li>SMS &#8211; Ved viktige hendelse som f.eks str\u00f8mutkoblinger og lignende varsler styret beboerne via SMS<br>Det er viktig at dere registrerer deres mobilnummer p\u00e5 USBL MinSide for \u00e5 motta SMS&#8217;er.<br>\u00a0<\/li><li>Epost &#8211; Det er mulig \u00e5 sende e-post til styret p\u00e5 epost adressen &laquo;styret (alfakr\u00f8ll) sorenga.com&raquo;<\/li><\/ul>\n\n\n\n<p>For\u00f8vrig finnes det ogs\u00e5 en Facebookgruppe for hele S\u00f8renga som heter <a rel=\"noreferrer noopener\" href=\"https:\/\/www.facebook.com\/groups\/sorengaforum\" target=\"_blank\">S\u00f8renga Forum<\/a>.<\/p>\n\n\n\n<p><strong>Registrering av Sameier og Leietaker hos USBL<\/strong><\/p>\n\n\n\n<p>For at styret og forretningsf\u00f8rer skal komme i kontakt med sameier\/beboer er det viktig at USBL har korrekt informasjon om hvem som eier leiligheten, og hvem som bor der.<\/p>\n\n\n\n<p>Sameier vil bli registrert hos USBL som en del av eierskifteprosessen, men dersom du leier ut er det viktig at leietaker blir registrert hos USBL som nettopp leietaker.<\/p>\n\n\n\n<p>Oppdatering av din kontaktinfo gj\u00f8res p\u00e5 USBL-Portalen, Min Side. <a href=\"https:\/\/www.usbl.no\/min-side\/min-profil\">https:\/\/www.usbl.no\/min-side\/min-profil<\/a><\/p>\n\n\n\n<p>Registrering av Leietaker gj\u00f8res av Sameier ved \u00e5 benytte dette skjemaet hos USBL: <a href=\"https:\/\/www.usbl.no\/beboer\/utleie-av-bolig\">https:\/\/www.usbl.no\/beboer\/utleie-av-bolig<\/a> <\/p>\n\n\n\n<p><strong>Nyhetsbrev<\/strong><\/p>\n\n\n\n<p>Styret i S\u00f8renga 5 publiserer jevnlig nyhetsbrev med informasjon om hva som skjer i Sameiet og p\u00e5 S\u00f8renga. Beboere kan finne alle nyhetsbrev under menyvalget <a href=\"https:\/\/sorenga.com\/sorenga5\/newsletter\/\">Nyhetsbrev<\/a>.<\/p>\n\n\n\n<p>Du kan registrere deg for \u00e5 motta epost om nyhetsbrev p\u00e5 <a href=\"https:\/\/www.usbl.no\/min-side\/innstillingsside\" data-type=\"URL\" data-id=\"https:\/\/www.usbl.no\/min-side\/innstillingsside\" target=\"_blank\" rel=\"noreferrer noopener\">USBL MinSide under innstillinger<\/a>.<\/p>\n\n\n\n<p>Ellers vil nyhetsbrev ogs\u00e5 bli varslet og lenket til p\u00e5 v\u00e5r <a href=\"https:\/\/www.facebook.com\/groups\/103792639992201\/\">Facebook side<\/a>.<\/p>\n\n\n\n<p><strong>Boligperm<\/strong><\/p>\n\n\n\n<p>I boligpermen finner dere dokumentasjon og informasjon om din bolig samt produktdatablad og brukerdokumentasjon p\u00e5 de forskjellige installasjonene. Her kan dere ogs\u00e5 finne informasjon om andre sameiere og beboere samt registrere oppdatert informasjon om egen boenhet. <br>Link til Boligpermen finner du <a rel=\"noreferrer noopener\" href=\"https:\/\/web106.fdvweb.no\/bygg5\/Boligperm\/BoligpermForside\" target=\"_blank\">her<\/a>.<\/p>\n\n\n\n<p><strong>Navneskilt p\u00e5 postkasser og d\u00f8rer samt navn p\u00e5 ringeklokke<\/strong><\/p>\n\n\n\n<p>Navneskilt p\u00e5 d\u00f8rer og postkasser skal v\u00e6re av samme type. Dere bestiller postkasse- og d\u00f8rskilt direkte fra Postens nettbutikk. Dere bestemmer selv hva som skal st\u00e5 p\u00e5 skiltene p\u00e5 hhv postkasse og inngangsd\u00f8r.<br><\/p>\n\n\n\n<p>Ved bestilling, benytt gjerne denne skilttypen for begge skiltene.<br><a href=\"https:\/\/skiltbutikken.posten.no\/postkasseskilt\/pk-stort-hvit-7004\">https:\/\/skiltbutikken.posten.no\/postkasseskilt\/pk-stort-hvit-7004<\/a><\/p>\n\n\n\n<p>Programmering av navn p\u00e5 ringeklokke bestilles ved \u00e5 sende epost til USBL Boservice.<\/p>\n\n\n\n<p>epost: <a href=\"mailto:bjorvikaservicesenter@usbl.no\">bjorvikaservicesenter@usbl.no<\/a><\/p>\n\n\n\n<p><strong>Husordensregler<\/strong><\/p>\n\n\n\n<p>Husordensregler for S\u00f8renga 5 finner dere <a href=\"https:\/\/sorenga.com\/sorenga5\/husordensregler1\/\">her<\/a>.<\/p>\n\n\n\n<p><strong>S\u00f8ppelh\u00e5ndtering<\/strong><\/p>\n\n\n\n<p>Det finnes s\u00f8ppelsjakter i tverrslaget mellom S\u00f8renga 5 og S\u00f8renga 6. (Nordsiden av v\u00e5rt bygg)<\/p>\n\n\n\n<p>For st\u00f8rre mengder papp eller annet gjenbruk benyttes Minigjenbruksstasjonen i S\u00f8rengkaia 29.<\/p>\n\n\n\n<p><strong>TV\/Bredb\u00e5nd\/Internett<\/strong><\/p>\n\n\n\n<p>S\u00f8renga 5 har tegnet avtale med Telenor p\u00e5 levering av bred\u00e5nd\/Internett og TV.<\/p>\n\n\n\n<p>For mere informasjon, se <a href=\"https:\/\/www.telenor.no\/privat\/internett\/borettslag\/eksisterende-kunde\/\" target=\"_blank\" rel=\"noreferrer noopener\">Telenor sine sider<\/a>.<\/p>\n\n\n\n<p><strong>Avlesning Str\u00f8mm\u00e5ler<\/strong><\/p>\n\n\n\n<p>Str\u00f8mm\u00e5lere avleses automatisk s\u00e5 det eneste dere trenger \u00e5 tenke p\u00e5 er \u00e5 tegne eget str\u00f8mabonnement.<\/p>\n\n\n\n<p>For ladepunkt i garasjen vil det bli sendt regning p\u00e5 str\u00f8m 1-2 ganger i \u00e5ret avhengig av forbruk.<\/p>\n\n\n\n<p><strong>Sykkel- og Kajakkrom<\/strong><\/p>\n\n\n\n<p>S\u00f8renga 5 disponener to sykkelrom med sykkelstativer i to etasjer. P\u00e5 det ene sykkelrommet er det ogs\u00e5 sykkelpumpe samt en del verkt\u00f8y til disposisjon for syklistene. Vi anbefaler at de som har de letteste syklene benytter den \u00f8vre etasjen i stativene.<\/p>\n\n\n\n<p>Vi disponerer ogs\u00e5 ett kajakkrom med plass til endel kajakker. For plass til kajakker, se kontakt styret p\u00e5 epost.<\/p>\n\n\n\n<p>Det er ogs\u00e5 to kajakker tilgjengelig for beboere \u00e5 l\u00e5ne. Disse er merket.<\/p>\n\n\n\n<p><strong>Takterrasse<\/strong><\/p>\n\n\n\n<p>Sameiet har en felles takterrasse. Den kan bookes for mindre selskaper, men andre beboere m\u00e5 likevel kunne benytte takterrassen. Kalender for booking finner dere p\u00e5 hjemmesiden.<\/p>\n\n\n\n<p><a href=\"https:\/\/sorenga.com\/sorenga5\/2017\/05\/12\/takterrasse-regler\/\">Her<\/a> finner dere ordensregler for takterrassen.<\/p>\n\n\n\n<p><strong>Parkering<\/strong><\/p>\n\n\n\n<p>Den private parkeringskjelleren under BT5\/6 (Garasje Syd) er eget sameie. For kontakt med garasjesameiet benytt epost &laquo;garasjesyd (alfakr\u00f8ll) sorenga.com&raquo;<\/p>\n\n\n\n<p>Gjesteparkering finner dere i parkeringshuset S\u00f8renga Parkeringshus. En kan ogs\u00e5 foresp\u00f8rre l\u00e5n av ledige plasser p\u00e5 S\u00f8renga 5 sin Facebook gruppe eller p\u00e5 Facebooksiden <a href=\"https:\/\/www.facebook.com\/groups\/725101910853707\/\">S\u00f8renga Parkeringskollektiv.<\/a><\/p>\n\n\n\n<p>Dersom dere trenger \u00e5 parkere i tverrslagene f.eks ved flytting er det viktig \u00e5 avtale dette med parkeringsselskapet i forkant. <a href=\"https:\/\/www.aimopark.no\/nb-no\/kontakt-oss\/\" data-type=\"URL\" data-id=\"https:\/\/www.aimopark.no\/nb-no\/kontakt-oss\/\">Kontakt oss (aimopark.no)<\/a><\/p>\n\n\n\n<p>Parkering i selve S\u00f8rengkaia h\u00e5ndheves av <a href=\"https:\/\/www.oslo.kommune.no\/etater-foretak-og-ombud\/bymiljoetaten\/\">Bymilj\u00f8etaten &#8211; Etater, foretak og ombud &#8211; Oslo kommune<\/a>. Dette gjelder ogs\u00e5 styring av bommen ned til brygga.<\/p>\n\n\n\n<p><\/p>\n","protected":false},"excerpt":{"rendered":"<p>Velkommen! Velkommen til S\u00f8renga 5 boligsameie. Sameiet best\u00e5r av 68 boenheter med adressene S\u00f8rengkaia 122, 126, 130 , 132, 134, 136, 138, 140, 142, 144. Som ny seksjonseier eller leietaker har dere sikkert mange sp\u00f8rsm\u00e5l som vi skal fors\u00f8ke \u00e5 besvare her. Informasjonskanaler S\u00f8renga 5 sameie kommuniserer med sine beboere via flere kanaler, men denne [&hellip;]<\/p>\n","protected":false},"author":21,"featured_media":0,"parent":0,"menu_order":0,"comment_status":"closed","ping_status":"closed","template":"","meta":[],"_links":{"self":[{"href":"https:\/\/sorenga.com\/sorenga5\/wp-json\/wp\/v2\/pages\/912"}],"collection":[{"href":"https:\/\/sorenga.com\/sorenga5\/wp-json\/wp\/v2\/pages"}],"about":[{"href":"https:\/\/sorenga.com\/sorenga5\/wp-json\/wp\/v2\/types\/page"}],"author":[{"embeddable":true,"href":"https:\/\/sorenga.com\/sorenga5\/wp-json\/wp\/v2\/users\/21"}],"replies":[{"embeddable":true,"href":"https:\/\/sorenga.com\/sorenga5\/wp-json\/wp\/v2\/comments?post=912"}],"version-history":[{"count":24,"href":"https:\/\/sorenga.com\/sorenga5\/wp-json\/wp\/v2\/pages\/912\/revisions"}],"predecessor-version":[{"id":1190,"href":"https:\/\/sorenga.com\/sorenga5\/wp-json\/wp\/v2\/pages\/912\/revisions\/1190"}],"wp:attachment":[{"href":"https:\/\/sorenga.com\/sorenga5\/wp-json\/wp\/v2\/media?parent=912"}],"curies":[{"name":"wp","href":"https:\/\/api.w.org\/{rel}","templated":true}]}}