{"id":76,"date":"2015-11-11T08:48:12","date_gmt":"2015-11-11T07:48:12","guid":{"rendered":"http:\/\/sorenga.com\/newsletter\/"},"modified":"2022-01-05T10:37:35","modified_gmt":"2022-01-05T09:37:35","slug":"newsletter","status":"publish","type":"page","link":"https:\/\/sorenga.com\/sorenga5\/newsletter\/","title":{"rendered":"Nyhetsbrev"},"content":{"rendered":"\n<p>For \u00e5 motta epost varsling om nyhetsbrev m\u00e5 du registrere deg p\u00e5 <a href=\"https:\/\/www.usbl.no\/min-side\/\" target=\"_blank\" rel=\"noreferrer noopener\">USBL MinSide<\/a> under <a href=\"https:\/\/www.usbl.no\/min-side\/innstillingsside\" target=\"_blank\" rel=\"noreferrer noopener\">Innstillinger<\/a>.<br>Under <a href=\"https:\/\/www.usbl.no\/min-side\/min-profil\" target=\"_blank\" rel=\"noreferrer noopener\">Min Profil<\/a> registrerer du hvilken epost adresse som du vil motta varslinger p\u00e5.<\/p>\n\n\n\n<p><\/p>\n\n\n<ul class=\"wp-block-latest-posts__list has-dates wp-block-latest-posts\"><li><a class=\"wp-block-latest-posts__post-title\" href=\"https:\/\/sorenga.com\/sorenga5\/2023\/07\/03\/nyhetsbrev-fra-styret-juli-2023\/\">Nyhetsbrev fra styret &#8211; juli 2023<\/a><time datetime=\"2023-07-03T21:24:09+02:00\" class=\"wp-block-latest-posts__post-date\">3. juli 2023<\/time><\/li>\n<li><a class=\"wp-block-latest-posts__post-title\" href=\"https:\/\/sorenga.com\/sorenga5\/2023\/06\/16\/nyhetsbrev-fra-styret-juni-2023\/\">Nyhetsbrev fra styret juni 2023<\/a><time datetime=\"2023-06-16T15:16:24+02:00\" class=\"wp-block-latest-posts__post-date\">16. juni 2023<\/time><\/li>\n<li><a class=\"wp-block-latest-posts__post-title\" href=\"https:\/\/sorenga.com\/sorenga5\/2023\/03\/28\/nyhetsbrev-fra-styret-mars-2023\/\">Nyhetsbrev fra styret mars 2023<\/a><time datetime=\"2023-03-28T14:21:28+02:00\" class=\"wp-block-latest-posts__post-date\">28. mars 2023<\/time><\/li>\n<li><a class=\"wp-block-latest-posts__post-title\" href=\"https:\/\/sorenga.com\/sorenga5\/2023\/02\/28\/nyhetsbrev-fra-styret-februar-2023\/\">Nyhetsbrev fra styret februar 2023<\/a><time datetime=\"2023-02-28T11:33:18+01:00\" class=\"wp-block-latest-posts__post-date\">28. februar 2023<\/time><\/li>\n<li><a class=\"wp-block-latest-posts__post-title\" href=\"https:\/\/sorenga.com\/sorenga5\/2023\/01\/26\/nyhetsbrev-fra-styret-januar-2023\/\">Nyhetsbrev fra styret januar 2023<\/a><time datetime=\"2023-01-26T19:41:52+01:00\" class=\"wp-block-latest-posts__post-date\">26. januar 2023<\/time><\/li>\n<li><a class=\"wp-block-latest-posts__post-title\" href=\"https:\/\/sorenga.com\/sorenga5\/2022\/12\/13\/nyhetsbrev-fra-styret-desember-2022\/\">Nyhetsbrev fra styret Desember 2022<\/a><time datetime=\"2022-12-13T16:25:18+01:00\" class=\"wp-block-latest-posts__post-date\">13. desember 2022<\/time><\/li>\n<li><a class=\"wp-block-latest-posts__post-title\" href=\"https:\/\/sorenga.com\/sorenga5\/2022\/11\/04\/nyhetsbrev-fra-styret-november-2022\/\">Nyhetsbrev fra styret november 2022<\/a><time datetime=\"2022-11-04T20:57:05+01:00\" class=\"wp-block-latest-posts__post-date\">4. november 2022<\/time><\/li>\n<li><a class=\"wp-block-latest-posts__post-title\" href=\"https:\/\/sorenga.com\/sorenga5\/2022\/10\/05\/nyhetsbrev-fra-styret-september-oktober-2022\/\">Nyhetsbrev fra styret september-oktober 2022<\/a><time datetime=\"2022-10-05T10:47:35+02:00\" class=\"wp-block-latest-posts__post-date\">5. oktober 2022<\/time><\/li>\n<li><a class=\"wp-block-latest-posts__post-title\" href=\"https:\/\/sorenga.com\/sorenga5\/2022\/07\/07\/nyhetsbrev-fra-styret-juli-2022\/\">Nyhetsbrev fra styret juli 2022<\/a><time datetime=\"2022-07-07T21:51:43+02:00\" class=\"wp-block-latest-posts__post-date\">7. juli 2022<\/time><\/li>\n<li><a class=\"wp-block-latest-posts__post-title\" href=\"https:\/\/sorenga.com\/sorenga5\/2022\/05\/31\/nyhetsbrev-fra-styret-mai-2022\/\">Nyhetsbrev fra styret mai 2022<\/a><time datetime=\"2022-05-31T10:24:01+02:00\" class=\"wp-block-latest-posts__post-date\">31. mai 2022<\/time><\/li>\n<\/ul>\n\n<p>[newsletter]<\/p>\n\n\n<p><\/p>\n","protected":false},"excerpt":{"rendered":"<p>For \u00e5 motta epost varsling om nyhetsbrev m\u00e5 du registrere deg p\u00e5 USBL MinSide under Innstillinger.Under Min Profil registrerer du hvilken epost adresse som du vil motta varslinger p\u00e5. [newsletter]<\/p>\n","protected":false},"author":20,"featured_media":0,"parent":0,"menu_order":0,"comment_status":"closed","ping_status":"closed","template":"","meta":[],"_links":{"self":[{"href":"https:\/\/sorenga.com\/sorenga5\/wp-json\/wp\/v2\/pages\/76"}],"collection":[{"href":"https:\/\/sorenga.com\/sorenga5\/wp-json\/wp\/v2\/pages"}],"about":[{"href":"https:\/\/sorenga.com\/sorenga5\/wp-json\/wp\/v2\/types\/page"}],"author":[{"embeddable":true,"href":"https:\/\/sorenga.com\/sorenga5\/wp-json\/wp\/v2\/users\/20"}],"replies":[{"embeddable":true,"href":"https:\/\/sorenga.com\/sorenga5\/wp-json\/wp\/v2\/comments?post=76"}],"version-history":[{"count":3,"href":"https:\/\/sorenga.com\/sorenga5\/wp-json\/wp\/v2\/pages\/76\/revisions"}],"predecessor-version":[{"id":1126,"href":"https:\/\/sorenga.com\/sorenga5\/wp-json\/wp\/v2\/pages\/76\/revisions\/1126"}],"wp:attachment":[{"href":"https:\/\/sorenga.com\/sorenga5\/wp-json\/wp\/v2\/media?parent=76"}],"curies":[{"name":"wp","href":"https:\/\/api.w.org\/{rel}","templated":true}]}}