{"id":754,"date":"2020-10-09T20:15:18","date_gmt":"2020-10-09T18:15:18","guid":{"rendered":"http:\/\/sorenga.com\/sorenga5\/?page_id=754"},"modified":"2020-10-28T07:32:35","modified_gmt":"2020-10-28T06:32:35","slug":"oversikt-over-sameiere-med-adresse-og-bolignummer","status":"publish","type":"page","link":"https:\/\/sorenga.com\/sorenga5\/oversikt-over-sameiere-med-adresse-og-bolignummer\/","title":{"rendered":"Oversikt over Sameiere med adresse og bolignummer"},"content":{"rendered":"\n<figure class=\"wp-block-table\"><table><tbody><tr><td>For og mellomnavn<\/td><td>Etternavn<\/td><td>Seksjonsnr<\/td><td>Enhets adresse<\/td><td>Bolignummer<\/td><td>Arkitektens leilighetsnummer<\/td><\/tr><tr><td>Tetiana<\/td><td>Koval<\/td><td>1<\/td><td>S\u00f8rengkaia 122<\/td><td>U0101<\/td><td>001<\/td><\/tr><tr><td>Abbas<\/td><td>Esrafilzadeh<\/td><td>27<\/td><td>S\u00f8rengkaia 126<\/td><td>H0201<\/td><td>201<\/td><\/tr><tr><td>Nazli<\/td><td>Rostamkhani<\/td><td>27<\/td><td>S\u00f8rengkaia 126<\/td><td>H0201<\/td><td>201<\/td><\/tr><tr><td>Vanessa Belen Pina<\/td><td>Glemby<\/td><td>28<\/td><td>S\u00f8rengkaia 126<\/td><td>H0202<\/td><td>202<\/td><\/tr><tr><td>Vegard<\/td><td>Munthe<\/td><td>28<\/td><td>S\u00f8rengkaia 126<\/td><td>H0202<\/td><td>202<\/td><\/tr><tr><td>Anne Brit Sj\u00f8lyst<\/td><td>Reite<\/td><td>39<\/td><td>S\u00f8rengkaia 126<\/td><td>H0301<\/td><td>301<\/td><\/tr><tr><td>Hans Petter<\/td><td>Sundberg<\/td><td>39<\/td><td>S\u00f8rengkaia 126<\/td><td>H0301<\/td><td>301<\/td><\/tr><tr><td>Christoffer Ludt<\/td><td>Parmo<\/td><td>40<\/td><td>S\u00f8rengkaia 126<\/td><td>H0302<\/td><td>302<\/td><\/tr><tr><td>Stine Lindstad<\/td><td>Flo<\/td><td>40<\/td><td>S\u00f8rengkaia 126<\/td><td>H0302<\/td><td>302<\/td><\/tr><tr><td>Anita<\/td><td>Ranheim<\/td><td>47<\/td><td>S\u00f8rengkaia 126<\/td><td>H0401<\/td><td>401<\/td><\/tr><tr><td>Helge<\/td><td>Ranheim<\/td><td>47<\/td><td>S\u00f8rengkaia 126<\/td><td>H0401<\/td><td>401<\/td><\/tr><tr><td><\/td><td>Fagforbundet<\/td><td>48<\/td><td>S\u00f8rengkaia 126<\/td><td>H0402<\/td><td>402<\/td><\/tr><tr><td>Jan Arve<\/td><td>Haugan<\/td><td>53<\/td><td>S\u00f8rengkaia 126<\/td><td>H0501<\/td><td>501<\/td><\/tr><tr><td>Nina<\/td><td>Amble<\/td><td>53<\/td><td>S\u00f8rengkaia 126<\/td><td>H0501<\/td><td>501<\/td><\/tr><tr><td><\/td><td>Ranheim Invest<\/td><td>54<\/td><td>S\u00f8rengkaia 126<\/td><td>H0502<\/td><td>502<\/td><\/tr><tr><td>Aida<\/td><td>Markeng<\/td><td>58<\/td><td>S\u00f8rengkaia 126<\/td><td>H0602<\/td><td>602<\/td><\/tr><tr><td>Terje<\/td><td>Markeng<\/td><td>58<\/td><td>S\u00f8rengkaia 126<\/td><td>H0602<\/td><td>602<\/td><\/tr><tr><td>Amjad<\/td><td>Hosseini<\/td><td>59<\/td><td>S\u00f8rengkaia 126<\/td><td>H0601<\/td><td>601<\/td><\/tr><tr><td>Sara Emilia<\/td><td>Nordevall<\/td><td>59<\/td><td>S\u00f8rengkaia 126<\/td><td>H0601<\/td><td>601<\/td><\/tr><tr><td>Robert<\/td><td>Lian<\/td><td>2<\/td><td>S\u00f8rengkaia 130<\/td><td>U0101<\/td><td>002<\/td><\/tr><tr><td>Thi Vy<\/td><td>Hong<\/td><td>7<\/td><td>S\u00f8rengkaia 130<\/td><td>H0101<\/td><td>101<\/td><\/tr><tr><td>Thuyen<\/td><td>Nguyen<\/td><td>7<\/td><td>S\u00f8rengkaia 130<\/td><td>H0101<\/td><td>101<\/td><\/tr><tr><td><\/td><td>Armita Holding AS<\/td><td>8<\/td><td>S\u00f8rengkaia 130<\/td><td>H0102<\/td><td>102<\/td><\/tr><tr><td>Turid<\/td><td>L\u00f8vskar<\/td><td>18<\/td><td>S\u00f8rengkaia 130<\/td><td>H0202<\/td><td>204<\/td><\/tr><tr><td>Ellen Kristine<\/td><td>L\u00f8deng<\/td><td>19<\/td><td>S\u00f8rengkaia 130<\/td><td>H0203<\/td><td>205<\/td><\/tr><tr><td>Nina Elisabeth<\/td><td>Bech-S\u00f8rensen<\/td><td>20<\/td><td>S\u00f8rengkaia 130<\/td><td>H0204<\/td><td>206<\/td><\/tr><tr><td>Vegar Skau<\/td><td>Ilseth<\/td><td>20<\/td><td>S\u00f8rengkaia 130<\/td><td>H0204<\/td><td>206<\/td><\/tr><tr><td>Even<\/td><td>Olafsen<\/td><td>29<\/td><td>S\u00f8rengkaia 130<\/td><td>H0201<\/td><td>203<\/td><\/tr><tr><td>Linda Beate<\/td><td>Hansen<\/td><td>29<\/td><td>S\u00f8rengkaia 130<\/td><td>H0201<\/td><td>203<\/td><\/tr><tr><td>Bente<\/td><td>Jakobsen<\/td><td>30<\/td><td>S\u00f8rengkaia 130<\/td><td>H0302<\/td><td>304<\/td><\/tr><tr><td>Kjell Morten<\/td><td>R\u00f8nningen<\/td><td>30<\/td><td>S\u00f8rengkaia 130<\/td><td>H0302<\/td><td>304<\/td><\/tr><tr><td>Jorunn<\/td><td>Vogt-Svendsen<\/td><td>31<\/td><td>S\u00f8rengkaia 130<\/td><td>H0303<\/td><td>305<\/td><\/tr><tr><td>Knut<\/td><td>Elvebakk<\/td><td>31<\/td><td>S\u00f8rengkaia 130<\/td><td>H0303<\/td><td>305<\/td><\/tr><tr><td>Hans-Petter<\/td><td>Johnsen<\/td><td>32<\/td><td>S\u00f8rengkaia 130<\/td><td>H0304<\/td><td>306<\/td><\/tr><tr><td>Trine Seierstad<\/td><td>Ofstad<\/td><td>41<\/td><td>S\u00f8rengkaia 130<\/td><td>H0301<\/td><td>303<\/td><\/tr><tr><td>Yalgin<\/td><td>B\u00f8cug\u00f8z<\/td><td>41<\/td><td>S\u00f8rengkaia 130<\/td><td>H0301<\/td><td>303<\/td><\/tr><tr><td>Hong<\/td><td>Xu<\/td><td>42<\/td><td>S\u00f8rengkaia 130<\/td><td>H0402<\/td><td>404<\/td><\/tr><tr><td>Toril<\/td><td>\u00d8vergaard<\/td><td>43<\/td><td>S\u00f8rengkaia 130<\/td><td>H0403<\/td><td>405<\/td><\/tr><tr><td>Anne Turid<\/td><td>Ekroll<\/td><td>44<\/td><td>S\u00f8rengkaia 130<\/td><td>H0404<\/td><td>406<\/td><\/tr><tr><td>\u00c5ge<\/td><td>Haukaas<\/td><td>44<\/td><td>S\u00f8rengkaia 130<\/td><td>H0404<\/td><td>406<\/td><\/tr><tr><td>Ingunn<\/td><td>Klepsvik<\/td><td>49<\/td><td>S\u00f8rengkaia 130<\/td><td>H0401<\/td><td>403<\/td><\/tr><tr><td>Lars Ove<\/td><td>Loraas<\/td><td>50<\/td><td>S\u00f8rengkaia 130<\/td><td>H0502<\/td><td>504<\/td><\/tr><tr><td>Liv-Marie<\/td><td>Loraas<\/td><td>50<\/td><td>S\u00f8rengkaia 130<\/td><td>H0502<\/td><td>504<\/td><\/tr><tr><td><\/td><td>Lindahl Invest A\/S<\/td><td>51<\/td><td>S\u00f8rengkaia 130<\/td><td>H0503<\/td><td>505<\/td><\/tr><tr><td>Edvard<\/td><td>Bakkejord<\/td><td>52<\/td><td>S\u00f8rengkaia 130<\/td><td>H0504<\/td><td>506<\/td><\/tr><tr><td>Oddny<\/td><td>Bakkejord<\/td><td>52<\/td><td>S\u00f8rengkaia 130<\/td><td>H0504<\/td><td>506<\/td><\/tr><tr><td>Henrik<\/td><td>Width<\/td><td>55<\/td><td>S\u00f8rengkaia 130<\/td><td>H0501<\/td><td>503<\/td><\/tr><tr><td>Terhi<\/td><td>Width<\/td><td>55<\/td><td>S\u00f8rengkaia 130<\/td><td>H0501<\/td><td>503<\/td><\/tr><tr><td>Rudi<\/td><td>Baumgarten<\/td><td>56<\/td><td>S\u00f8rengkaia 130<\/td><td>H0602<\/td><td>604<\/td><\/tr><tr><td>Randi<\/td><td>Bretteville<\/td><td>57<\/td><td>S\u00f8rengkaia 130<\/td><td>H0601<\/td><td>603<\/td><\/tr><tr><td><\/td><td>Solstad Gruppen AS<\/td><td>3<\/td><td>S\u00f8rengkaia 132<\/td><td>U0101<\/td><td>003<\/td><\/tr><tr><td>Jan<\/td><td>Walaker<\/td><td>4<\/td><td>S\u00f8rengkaia 132<\/td><td>U0102<\/td><td>004<\/td><\/tr><tr><td>Xin<\/td><td>Su<\/td><td>5<\/td><td>S\u00f8rengkaia 132<\/td><td>U0103<\/td><td>005<\/td><\/tr><tr><td>K\u00c2re<\/td><td>Steen<\/td><td>6<\/td><td>S\u00f8rengkaia 132<\/td><td>U0104<\/td><td>006<\/td><\/tr><tr><td><\/td><td>Wright Holding AS<\/td><td>9<\/td><td>S\u00f8rengkaia 132<\/td><td>H0101<\/td><td>103<\/td><\/tr><tr><td>Anders<\/td><td>Frantzen<\/td><td>21<\/td><td>S\u00f8rengkaia 132<\/td><td>H0201<\/td><td>207<\/td><\/tr><tr><td>Torgeir<\/td><td>Holt<\/td><td>21<\/td><td>S\u00f8rengkaia 132<\/td><td>H0201<\/td><td>207<\/td><\/tr><tr><td>Linn-Hege Lyngby<\/td><td>Eliassen<\/td><td>33<\/td><td>S\u00f8rengkaia 132<\/td><td>H0301<\/td><td>307<\/td><\/tr><tr><td>Rune<\/td><td>Eliassen<\/td><td>33<\/td><td>S\u00f8rengkaia 132<\/td><td>H0301<\/td><td>307<\/td><\/tr><tr><td>Colin<\/td><td>Wright<\/td><td>34<\/td><td>S\u00f8rengkaia 132<\/td><td>H0302<\/td><td>308<\/td><\/tr><tr><td>Arve<\/td><td>Figenschow<\/td><td>45<\/td><td>S\u00f8rengkaia 132<\/td><td>H0401<\/td><td>407<\/td><\/tr><tr><td>Nina B. A.<\/td><td>Figenschow<\/td><td>45<\/td><td>S\u00f8rengkaia 132<\/td><td>H0401<\/td><td>407<\/td><\/tr><tr><td>Kirsti Margrethe<\/td><td>Dolva<\/td><td>46<\/td><td>S\u00f8rengkaia 132<\/td><td>H0402<\/td><td>408<\/td><\/tr><tr><td>Per Magne<\/td><td>Jensen<\/td><td>46<\/td><td>S\u00f8rengkaia 132<\/td><td>H0402<\/td><td>408<\/td><\/tr><tr><td>Kjell<\/td><td>St\u00f8rseth<\/td><td>10<\/td><td>S\u00f8rengkaia 134<\/td><td>H0101<\/td><td>104<\/td><\/tr><tr><td><\/td><td>Wright Holding AS<\/td><td>11<\/td><td>S\u00f8rengkaia 136<\/td><td>H0101<\/td><td>105<\/td><\/tr><tr><td>Atle<\/td><td>\u00d8by<\/td><td>12<\/td><td>S\u00f8rengkaia 136<\/td><td>H0102<\/td><td>106<\/td><\/tr><tr><td>Anna Ioannis<\/td><td>Kokolis<\/td><td>13<\/td><td>S\u00f8rengkaia 136<\/td><td>H0103<\/td><td>107<\/td><\/tr><tr><td>Ioannis<\/td><td>Moutafis<\/td><td>13<\/td><td>S\u00f8rengkaia 136<\/td><td>H0103<\/td><td>107<\/td><\/tr><tr><td>Wen Long<\/td><td>Luo<\/td><td>22<\/td><td>S\u00f8rengkaia 136<\/td><td>H0201<\/td><td>208<\/td><\/tr><tr><td>Jan<\/td><td>Fosso<\/td><td>23<\/td><td>S\u00f8rengkaia 136<\/td><td>H0202<\/td><td>209<\/td><\/tr><tr><td>Cecilia<\/td><td>Hertzberg<\/td><td>24<\/td><td>S\u00f8rengkaia 136<\/td><td>H0203<\/td><td>210<\/td><\/tr><tr><td>Erik Nilssen<\/td><td>Hertzberg<\/td><td>24<\/td><td>S\u00f8rengkaia 136<\/td><td>H0203<\/td><td>210<\/td><\/tr><tr><td>Ingrid Brunborg<\/td><td>Pay<\/td><td>25<\/td><td>S\u00f8rengkaia 136<\/td><td>H0204<\/td><td>211<\/td><\/tr><tr><td>Sigmund<\/td><td>Hanslien<\/td><td>26<\/td><td>S\u00f8rengkaia 136<\/td><td>H0205<\/td><td>212<\/td><\/tr><tr><td>Cathrine<\/td><td>Myrvang<\/td><td>35<\/td><td>S\u00f8rengkaia 136<\/td><td>H0301<\/td><td>309<\/td><\/tr><tr><td>Paul Asbj\u00f8rn Hammervold<\/td><td>Myrvang<\/td><td>35<\/td><td>S\u00f8rengkaia 136<\/td><td>H0301<\/td><td>309<\/td><\/tr><tr><td>Anne Birgitte<\/td><td>Prestholdt<\/td><td>36<\/td><td>S\u00f8rengkaia 136<\/td><td>H0302<\/td><td>310<\/td><\/tr><tr><td>Arne-J\u00f8rg<\/td><td>Selen<\/td><td>36<\/td><td>S\u00f8rengkaia 136<\/td><td>H0302<\/td><td>310<\/td><\/tr><tr><td>Ingrid<\/td><td>Mathisen<\/td><td>37<\/td><td>S\u00f8rengkaia 136<\/td><td>H0303<\/td><td>311<\/td><\/tr><tr><td>Kevin James<\/td><td>Wright<\/td><td>38<\/td><td>S\u00f8rengkaia 136<\/td><td>H0304<\/td><td>312<\/td><\/tr><tr><td>Vigdis<\/td><td>Wright<\/td><td>38<\/td><td>S\u00f8rengkaia 136<\/td><td>H0304<\/td><td>312<\/td><\/tr><tr><td>Hege Vikeby<\/td><td>Kristiansen<\/td><td>14<\/td><td>S\u00f8rengkaia 138<\/td><td>H0101<\/td><td>108<\/td><\/tr><tr><td>Morten<\/td><td>Kristiansen<\/td><td>14<\/td><td>S\u00f8rengkaia 138<\/td><td>H0101<\/td><td>108<\/td><\/tr><tr><td>Heidi Lampe<\/td><td>Fuglum<\/td><td>15<\/td><td>S\u00f8rengkaia 140<\/td><td>H0101<\/td><td>109<\/td><\/tr><tr><td>Grete<\/td><td>Faremo<\/td><td>16<\/td><td>S\u00f8rengkaia 142<\/td><td>H0101<\/td><td>110<\/td><\/tr><tr><td>Magne<\/td><td>Lindholm<\/td><td>16<\/td><td>S\u00f8rengkaia 142<\/td><td>H0101<\/td><td>110<\/td><\/tr><tr><td><\/td><td>S\u00f8renga 5 N\u00caring AS<\/td><td>60<\/td><td>S\u00f8rengkaia 142<\/td><td>&nbsp;<\/td><td>&nbsp;<\/td><\/tr><tr><td><\/td><td>S\u00f8renga 5 N\u00caring AS<\/td><td>61<\/td><td>S\u00f8rengkaia 142<\/td><td>&nbsp;<\/td><td>&nbsp;<\/td><\/tr><tr><td><\/td><td>S\u00f8renga 51 N\u00caring AS<\/td><td>62<\/td><td>S\u00f8rengkaia 142<\/td><td>&nbsp;<\/td><td>&nbsp;<\/td><\/tr><tr><td><\/td><td>S\u00f8renga 51 N\u00caring AS<\/td><td>63<\/td><td>S\u00f8rengkaia 142<\/td><td>&nbsp;<\/td><td>&nbsp;<\/td><\/tr><tr><td>Jana<\/td><td>Malik<\/td><td>17<\/td><td>S\u00f8rengkaia 144<\/td><td>H0101<\/td><td>111<\/td><\/tr><tr><td>Yogesh Sanjeev<\/td><td>Malik<\/td><td>17<\/td><td>S\u00f8rengkaia 144<\/td><td>H0101<\/td><td>111<\/td><\/tr><\/tbody><\/table><\/figure>\n","protected":false},"excerpt":{"rendered":"<p>For og mellomnavn Etternavn Seksjonsnr Enhets adresse Bolignummer Arkitektens leilighetsnummer Tetiana Koval 1 S\u00f8rengkaia 122 U0101 001 Abbas Esrafilzadeh 27 S\u00f8rengkaia 126 H0201 201 Nazli Rostamkhani 27 S\u00f8rengkaia 126 H0201 201 Vanessa Belen Pina Glemby 28 S\u00f8rengkaia 126 H0202 202 Vegard Munthe 28 S\u00f8rengkaia 126 H0202 202 Anne Brit Sj\u00f8lyst Reite 39 S\u00f8rengkaia 126 H0301 [&hellip;]<\/p>\n","protected":false},"author":15,"featured_media":694,"parent":0,"menu_order":0,"comment_status":"closed","ping_status":"closed","template":"","meta":[],"_links":{"self":[{"href":"https:\/\/sorenga.com\/sorenga5\/wp-json\/wp\/v2\/pages\/754"}],"collection":[{"href":"https:\/\/sorenga.com\/sorenga5\/wp-json\/wp\/v2\/pages"}],"about":[{"href":"https:\/\/sorenga.com\/sorenga5\/wp-json\/wp\/v2\/types\/page"}],"author":[{"embeddable":true,"href":"https:\/\/sorenga.com\/sorenga5\/wp-json\/wp\/v2\/users\/15"}],"replies":[{"embeddable":true,"href":"https:\/\/sorenga.com\/sorenga5\/wp-json\/wp\/v2\/comments?post=754"}],"version-history":[{"count":4,"href":"https:\/\/sorenga.com\/sorenga5\/wp-json\/wp\/v2\/pages\/754\/revisions"}],"predecessor-version":[{"id":775,"href":"https:\/\/sorenga.com\/sorenga5\/wp-json\/wp\/v2\/pages\/754\/revisions\/775"}],"wp:featuredmedia":[{"embeddable":true,"href":"https:\/\/sorenga.com\/sorenga5\/wp-json\/wp\/v2\/media\/694"}],"wp:attachment":[{"href":"https:\/\/sorenga.com\/sorenga5\/wp-json\/wp\/v2\/media?parent=754"}],"curies":[{"name":"wp","href":"https:\/\/api.w.org\/{rel}","templated":true}]}}