{"id":1149,"date":"2022-04-04T15:51:48","date_gmt":"2022-04-04T13:51:48","guid":{"rendered":"https:\/\/sorenga.com\/sorenga5\/?page_id=1149"},"modified":"2022-04-04T16:07:08","modified_gmt":"2022-04-04T14:07:08","slug":"hms-info","status":"publish","type":"page","link":"https:\/\/sorenga.com\/sorenga5\/hms-info\/","title":{"rendered":"HMS &#8211; Helse, Milj\u00f8 og Sikkerhet"},"content":{"rendered":"\n<p>Sameie 5 p\u00e5 S\u00f8renga \u00f8nsker \u00e5 skape et trivelig og trygt bomilj\u00f8 for&nbsp;alle.&nbsp;Sammen skal vi ta vare p\u00e5 b\u00e5de bygninger og uteareal.&nbsp;Vi er opptatt av&nbsp;blant annet brannvern, tilsyn med elektriske anlegg og utstyr, fellesareal og uteomr\u00e5der.&nbsp;Det finnes en del lovverk vi som boligselskap m\u00e5 f\u00f8lge. Blant annet lov om brann- og eksplosjonsvern, forurensningsloven og lov om tilsyn med elektriske anlegg og utstyr.<\/p>\n\n\n\n<p>Lovverket stiller krav b\u00e5de til boligselskapet ved styret og til den enkelte beboer. Styret har valgt \u00e5 bruke USBLs system \u00abBevar HMS\u00bb og det gis en orientering om HMS-status i styrets rapport til \u00e5rsm\u00f8tet. Det er ogs\u00e5 styrets oppgave \u00e5 orientere sameierne om deres individuelle ansvar og styret sender derfor ut en \u00e5rlig p\u00e5minning om dette.<\/p>\n\n\n\n<p>\ufeff<\/p>\n\n\n\n<p><strong>Beboers ansvar<\/strong><\/p>\n\n\n\n<ul><li>Utf\u00f8re n\u00f8dvendig ettersyn og vedlikehold av det elektriske anlegget<\/li><li>Montere og bruke elektrisk utstyr i henhold til bruksanvisninger<\/li><li>Kontrollere at brannverntiltak i leiligheten er i orden og eventuelt melde i fra til boligselskapet ved mangler<\/li><li>Sikre forsvarlig utf\u00f8rt arbeid ved reparasjoner og andre endringer\u00a0i leiligheten<\/li><li>Melde i fra til styret ved feil eller mangler som kan g\u00e5 utover naboer eller som skal f\u00f8lges opp av boligselskapet<\/li><li>Den enkelte beboer har selv ansvar for \u00e5 forsikre sine egne eiendeler (innboforsikring)<\/li><li>For\u00a0\u00e5 forebygge faren for brann, feil p\u00e5 det elektriske anlegget, vannlekkasjer m.m. er beboerne pliktige til \u00e5 f\u00f8re tilsyn i egen leilighet. Derfor har boligselskapet som en del\u00a0av\u00a0sin internkontroll utarbeidet et informasjonsskriv med en sjekkliste. <a href=\"https:\/\/sorenga.com\/sorenga5\/wp-content\/uploads\/2022\/04\/HMS-sjekkliste-beboer.pdf\">Se eget skjema her.<\/a><\/li><li>Husk \u00e5 gj\u00f8re deg kjent med\u00a0<a href=\"https:\/\/sorenga.com\/sorenga5\/branninstruks\/\">branninstruks\u00a0<\/a>som er sl\u00e5tt opp\u00a0i alle oppganger. Her st\u00e5r viktig informasjon om hvorledes en b\u00f8r g\u00e5 frem dersom en oppdager en brann.<strong> M\u00f8tepunktet i tilfelle evakuering<\/strong> er ved innkj\u00f8ringen til garasjeanlegget her ute. (Garasje Syd).<\/li><\/ul>\n\n\n\n<p><strong>Boligselskapets ansvar (styret)<\/strong><\/p>\n\n\n\n<ul><li>Etablere og ut\u00f8ve n\u00f8dvendig internkontroll (egenkontroll).<\/li><li>Utf\u00f8re n\u00f8dvendig ettersyn og vedlikehold av fellesarealer&nbsp;og fellesomr\u00e5der<\/li><li>F\u00f8lge opp feil og mangler som rapporteres inn<\/li><li>Informere beboerne om deres plikter innen HMS-arbeidet<\/li><\/ul>\n\n\n\n<p><br><strong>Et trygt og godt milj\u00f8&nbsp;er et felles ansvar!<\/strong><\/p>\n\n\n\n<hr class=\"wp-block-separator\"\/>\n\n\n\n<p><a id=\"_msocom_1\"><\/a><\/p>\n\n\n\n<p><\/p>\n","protected":false},"excerpt":{"rendered":"<p>Sameie 5 p\u00e5 S\u00f8renga \u00f8nsker \u00e5 skape et trivelig og trygt bomilj\u00f8 for&nbsp;alle.&nbsp;Sammen skal vi ta vare p\u00e5 b\u00e5de bygninger og uteareal.&nbsp;Vi er opptatt av&nbsp;blant annet brannvern, tilsyn med elektriske anlegg og utstyr, fellesareal og uteomr\u00e5der.&nbsp;Det finnes en del lovverk vi som boligselskap m\u00e5 f\u00f8lge. Blant annet lov om brann- og eksplosjonsvern, forurensningsloven og lov [&hellip;]<\/p>\n","protected":false},"author":21,"featured_media":0,"parent":0,"menu_order":0,"comment_status":"closed","ping_status":"closed","template":"","meta":[],"_links":{"self":[{"href":"https:\/\/sorenga.com\/sorenga5\/wp-json\/wp\/v2\/pages\/1149"}],"collection":[{"href":"https:\/\/sorenga.com\/sorenga5\/wp-json\/wp\/v2\/pages"}],"about":[{"href":"https:\/\/sorenga.com\/sorenga5\/wp-json\/wp\/v2\/types\/page"}],"author":[{"embeddable":true,"href":"https:\/\/sorenga.com\/sorenga5\/wp-json\/wp\/v2\/users\/21"}],"replies":[{"embeddable":true,"href":"https:\/\/sorenga.com\/sorenga5\/wp-json\/wp\/v2\/comments?post=1149"}],"version-history":[{"count":4,"href":"https:\/\/sorenga.com\/sorenga5\/wp-json\/wp\/v2\/pages\/1149\/revisions"}],"predecessor-version":[{"id":1155,"href":"https:\/\/sorenga.com\/sorenga5\/wp-json\/wp\/v2\/pages\/1149\/revisions\/1155"}],"wp:attachment":[{"href":"https:\/\/sorenga.com\/sorenga5\/wp-json\/wp\/v2\/media?parent=1149"}],"curies":[{"name":"wp","href":"https:\/\/api.w.org\/{rel}","templated":true}]}}