{"id":1045,"date":"2021-11-03T14:22:46","date_gmt":"2021-11-03T13:22:46","guid":{"rendered":"https:\/\/sorenga.com\/sorenga5\/?page_id=1045"},"modified":"2021-12-07T11:23:24","modified_gmt":"2021-12-07T10:23:24","slug":"vedlikehold-i-leilighet-boligperm","status":"publish","type":"page","link":"https:\/\/sorenga.com\/sorenga5\/vedlikehold-i-leilighet-boligperm\/","title":{"rendered":"Vedlikehold i leilighet (Boligperm)"},"content":{"rendered":"\n<p>Det er den enkelte sameiers ansvar \u00e5 vedlikeholde leilighetene.<\/p>\n\n\n\n<p>For \u00e5 bist\u00e5 med dette er det lagt ut informasjon og dokumentasjon p\u00e5 utstyr og annet som er levert med leilighetene p\u00e5 en tjeneste som heter <a rel=\"noreferrer noopener\" href=\"https:\/\/web106.fdvweb.no\/bygg5\/Boligperm\/BoligpermIndex\" target=\"_blank\">Boligperm (FDVweb)<\/a>.<\/p>\n\n\n\n<p>Her vil en ogs\u00e5 finne en liste over beboere samt huskeliste over vedlikeholdsoppgaver for hver m\u00e5ned. Link til <a href=\"https:\/\/web106.fdvweb.no\/bygg5\/Boligperm\/BoligpermHuskeliste\" target=\"_blank\" rel=\"noreferrer noopener\">Huskeliste for beboer<\/a>.<\/p>\n\n\n\n<p>Beboere registrerer selv sine profil for \u00e5 f\u00e5 tilgang.<\/p>\n\n\n\n<p>Husk ogs\u00e5 at fett, olje og matrester ikke skal skylles ned i vasken eller i toalettet. Se denne siden om temaet: <a href=\"http:\/\/fettvett.no\/\" target=\"_blank\" rel=\"noreferrer noopener\">http:\/\/fettvett.no\/<\/a><\/p>\n","protected":false},"excerpt":{"rendered":"<p>Det er den enkelte sameiers ansvar \u00e5 vedlikeholde leilighetene. For \u00e5 bist\u00e5 med dette er det lagt ut informasjon og dokumentasjon p\u00e5 utstyr og annet som er levert med leilighetene p\u00e5 en tjeneste som heter Boligperm (FDVweb). Her vil en ogs\u00e5 finne en liste over beboere samt huskeliste over vedlikeholdsoppgaver for hver m\u00e5ned. Link til [&hellip;]<\/p>\n","protected":false},"author":21,"featured_media":0,"parent":0,"menu_order":0,"comment_status":"closed","ping_status":"closed","template":"","meta":[],"_links":{"self":[{"href":"https:\/\/sorenga.com\/sorenga5\/wp-json\/wp\/v2\/pages\/1045"}],"collection":[{"href":"https:\/\/sorenga.com\/sorenga5\/wp-json\/wp\/v2\/pages"}],"about":[{"href":"https:\/\/sorenga.com\/sorenga5\/wp-json\/wp\/v2\/types\/page"}],"author":[{"embeddable":true,"href":"https:\/\/sorenga.com\/sorenga5\/wp-json\/wp\/v2\/users\/21"}],"replies":[{"embeddable":true,"href":"https:\/\/sorenga.com\/sorenga5\/wp-json\/wp\/v2\/comments?post=1045"}],"version-history":[{"count":7,"href":"https:\/\/sorenga.com\/sorenga5\/wp-json\/wp\/v2\/pages\/1045\/revisions"}],"predecessor-version":[{"id":1093,"href":"https:\/\/sorenga.com\/sorenga5\/wp-json\/wp\/v2\/pages\/1045\/revisions\/1093"}],"wp:attachment":[{"href":"https:\/\/sorenga.com\/sorenga5\/wp-json\/wp\/v2\/media?parent=1045"}],"curies":[{"name":"wp","href":"https:\/\/api.w.org\/{rel}","templated":true}]}}