{"id":1011,"date":"2021-10-05T21:18:24","date_gmt":"2021-10-05T19:18:24","guid":{"rendered":"https:\/\/sorenga.com\/sorenga5\/?page_id=1011"},"modified":"2023-04-06T13:28:11","modified_gmt":"2023-04-06T11:28:11","slug":"treningsrominfo","status":"publish","type":"page","link":"https:\/\/sorenga.com\/sorenga5\/treningsrominfo\/","title":{"rendered":"Treningsrom"},"content":{"rendered":"\n<p>Sameiets treningsrom ligger p\u00e5 etasje 0 ved oppgang 126. Rommet er delt i to, med en avdeling med tredem\u00f8ller, romaskin med mer, og en avdeling med ulike styrketreningsapparater og frivekter. <\/p>\n\n\n\n<p>For \u00e5 f\u00e5 tilgang til treningsrommet m\u00e5 man bruke egen brikke, som hver leilighet f\u00e5r et eksemplar av. Ta kontakt med styret hvis du trenger brikke med tilgang til treningsrom.<\/p>\n\n\n\n<p> Husk \u00e5 t\u00f8rke av apparater etter bruk, og vis hensyn under treningen. <\/p>\n\n\n\n<p>All trening i treningsrommet skjer p\u00e5 eget ansvar.<\/p>\n","protected":false},"excerpt":{"rendered":"<p>Sameiets treningsrom ligger p\u00e5 etasje 0 ved oppgang 126. Rommet er delt i to, med en avdeling med tredem\u00f8ller, romaskin med mer, og en avdeling med ulike styrketreningsapparater og frivekter. For \u00e5 f\u00e5 tilgang til treningsrommet m\u00e5 man bruke egen brikke, som hver leilighet f\u00e5r et eksemplar av. Ta kontakt med styret hvis du trenger [&hellip;]<\/p>\n","protected":false},"author":21,"featured_media":0,"parent":0,"menu_order":0,"comment_status":"closed","ping_status":"closed","template":"","meta":[],"_links":{"self":[{"href":"https:\/\/sorenga.com\/sorenga5\/wp-json\/wp\/v2\/pages\/1011"}],"collection":[{"href":"https:\/\/sorenga.com\/sorenga5\/wp-json\/wp\/v2\/pages"}],"about":[{"href":"https:\/\/sorenga.com\/sorenga5\/wp-json\/wp\/v2\/types\/page"}],"author":[{"embeddable":true,"href":"https:\/\/sorenga.com\/sorenga5\/wp-json\/wp\/v2\/users\/21"}],"replies":[{"embeddable":true,"href":"https:\/\/sorenga.com\/sorenga5\/wp-json\/wp\/v2\/comments?post=1011"}],"version-history":[{"count":2,"href":"https:\/\/sorenga.com\/sorenga5\/wp-json\/wp\/v2\/pages\/1011\/revisions"}],"predecessor-version":[{"id":1043,"href":"https:\/\/sorenga.com\/sorenga5\/wp-json\/wp\/v2\/pages\/1011\/revisions\/1043"}],"wp:attachment":[{"href":"https:\/\/sorenga.com\/sorenga5\/wp-json\/wp\/v2\/media?parent=1011"}],"curies":[{"name":"wp","href":"https:\/\/api.w.org\/{rel}","templated":true}]}}