{"id":1008,"date":"2021-10-05T21:13:41","date_gmt":"2021-10-05T19:13:41","guid":{"rendered":"https:\/\/sorenga.com\/sorenga5\/?page_id=1008"},"modified":"2021-10-05T21:28:44","modified_gmt":"2021-10-05T19:28:44","slug":"kajakkrom1","status":"publish","type":"page","link":"https:\/\/sorenga.com\/sorenga5\/kajakkrom1\/","title":{"rendered":"Kajakkrom"},"content":{"rendered":"\n<p>Sameiets kajakkrom ligger p\u00e5 etasje 0, rett innenfor inngangen mot havnepromenaden. Rommet har 20 plasser. Send epost til Styret for \u00e5 h\u00f8re om det er ledig plass. Hvis det ikke er ledige plasser vil det v\u00e6re venteliste. Beboere som allerede disponerer plass vil automatisk havne bakerst p\u00e5 ventelisten for evt ekstra plass. For \u00e5 f\u00e5 tilgang til kajakkrommet brukes de samme brikkene som til inngangsd\u00f8rene. <\/p>\n\n\n\n<p>Husk \u00e5 skylle utstyr f\u00f8r det settes tilbake i kajakkrommet, for \u00e5 unng\u00e5 sj\u00f8vann p\u00e5 gulv og andres utstyr.<\/p>\n\n\n\n<p>Sameiet disponerer ogs\u00e5 to felles kajakker som kan brukes etter reserverasjon. <\/p>\n\n\n\n<p>Kalender for \u00e5 booke felles kajakker finnes her:  <a href=\"https:\/\/teamup.com\/kst3d5wj4hfcsvwx76\">Booking L\u00e5nekajakk BT5<\/a><\/p>\n\n\n\n<p>Felleskajakkene er gule og merket med felleskajakk. All bruk av felleskajakker er p\u00e5 eget ansvar.<\/p>\n","protected":false},"excerpt":{"rendered":"<p>Sameiets kajakkrom ligger p\u00e5 etasje 0, rett innenfor inngangen mot havnepromenaden. Rommet har 20 plasser. Send epost til Styret for \u00e5 h\u00f8re om det er ledig plass. Hvis det ikke er ledige plasser vil det v\u00e6re venteliste. Beboere som allerede disponerer plass vil automatisk havne bakerst p\u00e5 ventelisten for evt ekstra plass. For \u00e5 f\u00e5 [&hellip;]<\/p>\n","protected":false},"author":21,"featured_media":0,"parent":0,"menu_order":0,"comment_status":"closed","ping_status":"closed","template":"","meta":[],"_links":{"self":[{"href":"https:\/\/sorenga.com\/sorenga5\/wp-json\/wp\/v2\/pages\/1008"}],"collection":[{"href":"https:\/\/sorenga.com\/sorenga5\/wp-json\/wp\/v2\/pages"}],"about":[{"href":"https:\/\/sorenga.com\/sorenga5\/wp-json\/wp\/v2\/types\/page"}],"author":[{"embeddable":true,"href":"https:\/\/sorenga.com\/sorenga5\/wp-json\/wp\/v2\/users\/21"}],"replies":[{"embeddable":true,"href":"https:\/\/sorenga.com\/sorenga5\/wp-json\/wp\/v2\/comments?post=1008"}],"version-history":[{"count":2,"href":"https:\/\/sorenga.com\/sorenga5\/wp-json\/wp\/v2\/pages\/1008\/revisions"}],"predecessor-version":[{"id":1019,"href":"https:\/\/sorenga.com\/sorenga5\/wp-json\/wp\/v2\/pages\/1008\/revisions\/1019"}],"wp:attachment":[{"href":"https:\/\/sorenga.com\/sorenga5\/wp-json\/wp\/v2\/media?parent=1008"}],"curies":[{"name":"wp","href":"https:\/\/api.w.org\/{rel}","templated":true}]}}